{"id":9,"date":"2019-01-29T15:23:54","date_gmt":"2019-01-29T14:23:54","guid":{"rendered":"https:\/\/fernschachpost.ilmds.de\/?page_id=9"},"modified":"2021-02-11T10:24:36","modified_gmt":"2021-02-11T09:24:36","slug":"impressum","status":"publish","type":"page","link":"https:\/\/bdf-fernschachpost.de\/?page_id=9","title":{"rendered":"Impressum"},"content":{"rendered":"\n<p>Dieses Impressum gilt f\u00fcr die Dom\u00e4ne bdf-fernschachpost.de.<\/p>\n\n\n\n<p>Diese Seite wird Ihnen angeboten vom Verein<\/p>\n\n\n\n<p>Deutscher Fernschachbund e.V.<br>vertreten durch den Pr\u00e4sidenten<br>Manfred Scheiba<br>Karl-Marx-Allee 6 B,<br>15320 Neuhardenberg,<br>Tel. 0176 34105801.<br>Der Deutsche Fernschachbund e.V. ist im Vereinsregister des Amtsgerichts Hamburg unter der Registernummer VR 19586 eingetragen.<br><\/p>\n\n\n\n<p>Kontakt, auch redaktioneller und technischer Art:&nbsp;<a href=\"mailto:redaktion@bdf-fernschachpost.de\">redaktion@bdf-fernschachpost.de<\/a><\/p>\n\n\n\n<p><br>Haftung, Sicherheitshinweis:<br><br>S\u00e4mtliche auf den Internetseiten enthaltenen Angaben und Informationen wurden sorgf\u00e4ltig recherchiert und gepr\u00fcft. F\u00fcr die Richtigkeit, Vollst\u00e4ndigkeit und Aktualit\u00e4t wird jedoch weder Gew\u00e4hr noch Haftung \u00fcbernommen. Die jederzeitige Vornahme von \u00c4nderungen und Erg\u00e4nzungen der bereitgestellten Informationen bleibt vorbehalten.<br><br>F\u00fcr Internetseiten Dritter, auf die per Hyperlink von dieser Seite aus verwiesen wird, tragen die jeweiligen Anbieter die Verantwortung. Der Deutsche Fernschachbund e.V. sowie dessen Webmaster Ronny Schlo\u00dfer sind f\u00fcr den Inhalt solcher Seiten Dritter nicht verantwortlich und\u00a0distanzieren sich hiermit ausdr\u00fccklich von allen Inhalten aller gelinkten Seiten.<br><br>Desweiteren k\u00f6nnen die Seiten des Deutschen Fernschachbundes e.V. ohne das Wissen des BdF und dessen Webmaster von einem anderen Anbieter mittels Hyperlink angelinkt worden sein. Der Deutsche Fernschachbund e.V. sowie dessen Webmaster \u00fcbernehmen keine Verantwortung f\u00fcr Darstellungen, Inhalte oder irgendeine Verbindung in Webseiten Dritter.<\/p>\n\n\n\n<p><strong>Datenschutz<\/strong><\/p>\n\n\n\n<p>\u00dcber unsere Websites erfassen wir keinerlei personenbezogene Daten (z.B. Namen, Anschriften, Telefonnummern oder E-Mail-Adressen), au\u00dfer wenn Sie uns solche Daten freiwillig zur Verf\u00fcgung stellen (z. B. durch Registrierung, durch Ausf\u00fcllen und Senden eines Formulars zum Vereinsbeitritt oder zur Meldung zu einer Turnierveranstaltung, zur Nutzung eines sonstigen Dialogangebotes) bzw. eingewilligt haben oder die entsprechenden Rechtsvorschriften \u00fcber den Schutz Ihrer Daten dies erlauben.<br>Wenn Sie per Internetformular Kontakt zu uns aufnehmen und uns dabei personenbezogene Daten zukommen lassen, werden Ihre Angaben aus dem Anfrageformular verschl\u00fcsselt an uns \u00fcbertragen und inklusive der von Ihnen dort angegebenen Kontaktdaten im Sinne Ihres Kontaktes und des Vereinszwecks von uns verarbeitet. Eine Speicherung Ihrer Daten erfolgt nur, wenn dies in der Datenschutzinformation bei der Erhebung der Daten angegeben ist.<\/p>\n\n\n\n<p>Wir weisen darauf hin, dass die Daten\u00fcbertragung im Internet (auch beispielsweise bei der Kommunikation per E-Mail) trotz einer Verschl\u00fcsselung Sicherheitsl\u00fccken aufweisen kann. Ein l\u00fcckenloser Schutz der Daten vor dem Zugriff durch Dritte ist nicht m\u00f6glich.<\/p>\n\n\n\n<p>Sonstige mit Ihrem Besuch verbundene Daten speichert der Webserver unseres Providers standardm\u00e4\u00dfig im folgenden Umfang: Angaben zu dem von Ihnen verwendeten Browser, zu Ihrem Betriebssystem, die Website vor Ihrem Besuch bei uns sowie jene, zu der Sie uns verlassen. Weiterhin gespeichert werden der Zeitpunkt Ihres Besuches sowie, und dies zum Schutz vor Missbrauch und dann ggf. zur Geltendmachung eines Schadensersatzanspruches, die IP-Adresse, die Ihnen von Ihrem Internet Service Provider zugewiesen wurde, im Rahmen der gesetzlich zul\u00e4ssigen Frist.<br>Unsere Website enth\u00e4lt einen Besucherz\u00e4hler, der gleichartige Daten sammelt und uns zur Verf\u00fcgung stellt. Diese nutzen wir zur st\u00e4ndigen \u00dcberpr\u00fcfung der Qualit\u00e4t unseres Angebotes vor dem Hintergrund, dass wir die Interessen unserer Mitglieder und Besucher m\u00f6glichst genau treffen wollen.<\/p>\n\n\n\n<p>Die IP-Adresse wird kurzfristig gespeichert bei der Nutzung bestimmter Dialogangebote wie Umfragen und Chat, soweit dies f\u00fcr das Funktionieren des Angebotes erforderlich ist sowie zum Schutz vor Missbrauch. Die Dauer der Speicherung h\u00e4ngt vom Umfang der Nutzung ab, da in diesen F\u00e4llen die \u00e4ltesten gespeicherten Daten mit j\u00fcngeren \u00fcberschrieben werden. Daraus ergibt sich eine Speicherdauer von wenigen Sekunden bis zu wenigen Tagen.<\/p>\n\n\n\n<p>Diese sonstigen Daten k\u00f6nnen bestimmten Personen nicht zugeordnet werden. Eine Zusammenf\u00fchrung dieser Daten mit anderen Datenquellen, die dann ggf. auch eine Zuordnung erlauben w\u00fcrde, wird nicht vorgenommen. Wir behalten uns vor, diese Daten nachtr\u00e4glich zu pr\u00fcfen, wenn uns konkrete Anhaltspunkte f\u00fcr eine rechtswidrige Nutzung bekannt werden.<\/p>\n\n\n\n<p>Weitergabe personenbezogener Daten<\/p>\n\n\n\n<p>Eine Weitergabe personenbezogener Daten an Dritte au\u00dferhalb der unerl\u00e4sslichen Belange des Vereinszwecks bzw. des Sportinformationsdienstes sowie der zum Betrieb des Angebots erfolgt nur im Rahmen eventueller gesetzlicher Offenbarungspflichten bzw. mit dem Einverst\u00e4ndnis der oder des Betroffenen.<\/p>\n\n\n\n<p>Alle Mitarbeiterinnen und Mitarbeiter des Deutschen Fernschachbundes e.V. sind zur Vertraulichkeit verpflichtet.<\/p>\n\n\n\n<p>Newsletter<\/p>\n\n\n\n<p>Sie k\u00f6nnen auf unserer Website einen Newsletter abonnieren. Die bei der f\u00fcr einen Erhalt erforderlichen Anmeldung angegebenen Daten werden nur f\u00fcr den Versand des Newsletters verwendet. Sie k\u00f6nnen das Abonnement jederzeit \u00fcber die im Newsletter vorgesehene Abmeldem\u00f6glichkeit beenden.<\/p>\n\n\n\n<p>Social Plugins<\/p>\n\n\n\n<p>Der Deutsche Fernschachbund e.V. verwendet sogenannte Social Plugins sozialer Netzwerke wie Facebook und Twitter. Die hierf\u00fcr eingerichteten Schaltfl\u00e4chen sind standardm\u00e4\u00dfig deaktiviert, d.h. sie senden ohne Ihre eigene Veranlassung keine Daten an das jeweilige soziale Netzwerk. Eine Aktivierung setzt voraus, dass Sie die betreffende Schaltfl\u00e4che anklicken.<br>Nach der Aktivierung wird eine direkte Verbindung mit dem Server des jeweiligen sozialen Netzwerks aufgebaut. Ab diesem Zeitpunkt kann das jeweilige soziale Netzwerk bereits Daten erheben. Wenn Sie beim jeweiligen sozialen Netzwerk bereits eingeloggt sind, kann es Ihren Besuch Ihrem Benutzerkonto zuordnen. Wenn Sie dies nicht m\u00f6chten, m\u00fcssen Sie sich vor der Aktivierung der Schaltfl\u00e4chen auf der Website des Deutschen Fernschachbundes e.V. aus dem jeweiligen sozialen Netzwerk ausloggen.<\/p>\n\n\n\n<p>Auf den Umfang der Daten, die von den sozialen Netzwerken mit ihren Schaltfl\u00e4chen erhoben werden, haben wir keinen Einfluss. Zweck und Umfang der Datenerhebung und die weitere Verarbeitung und Nutzung der Daten durch die jeweiligen sozialen Netzwerke sowie Ihre diesbez\u00fcglichen Rechte und Einstellungsm\u00f6glichkeiten zum Schutz Ihrer Privatsph\u00e4re entnehmen Sie bitte den Datenschutzhinweisen der jeweiligen sozialen Netzwerke.<\/p>\n\n\n\n<p>Cookies<\/p>\n\n\n\n<p>Cookies sind kleine Textdateien, die von Ihrem Browser auf Ihrem Rechner abgelegt werden. Sie richten auf Ihrem Rechner keinen Schaden an und enthalten keine Viren. Die von uns eingesetzten Cookies dienen dazu, bestimmte Angebotselemente nutzbar zu machen sowie unser Angebot nutzerfreundlicher, effektiver und sicherer zu machen.<\/p>\n\n\n\n<p>Die meisten der von uns verwendeten Cookies sind so genannte &#8220;Session-Cookies&#8221;. Sie werden nach Ende Ihres Besuchs automatisch gel\u00f6scht. Andere Cookies bleiben auf Ihrem Endger\u00e4t gespeichert, bis Sie diese l\u00f6schen. Diese Cookies erm\u00f6glichen es uns, Ihren Browser beim n\u00e4chsten Besuch wiederzuerkennen.<br>Sie k\u00f6nnen Ihren Browser so einstellen, dass Sie \u00fcber das Setzen von Cookies informiert werden und Cookies nur im Einzelfall erlauben, die Annahme von Cookies f\u00fcr bestimmte F\u00e4lle oder generell ausschlie\u00dfen sowie das automatische L\u00f6schen der Cookies beim Schlie\u00dfen des Browser aktivieren.<br>Wenn Sie die Verwendung von Cookies deaktivieren, k\u00f6nnen Sie einzelne Funktionen dieser Website nicht mehr oder nur noch eingeschr\u00e4nkt nutzen.<\/p>\n\n\n\n<p>Auskunft, L\u00f6schung, Sperrung<\/p>\n\n\n\n<p>Im Rahmen der gesetzlichen Bestimmungen, insbesondere der europ\u00e4ischen Datenschutzgrundverordnung (EU-DSGVO), haben Sie folgende Rechte: Sie haben jederzeit das Recht auf unentgeltliche Auskunft \u00fcber Ihre gespeicherten personenbezogenen Daten, deren Herkunft und Empf\u00e4nger und den Zweck der Datenverarbeitung sowie ein Recht auf Berichtigung, Sperrung oder L\u00f6schung dieser Daten. Sie haben weiterhin ein Recht auf Einschr\u00e4nkung der Verarbeitung und ein Widerspruchsrecht gegen die Verarbeitung und ein Recht auf Daten\u00fcbertragbarkeit. Eine Einwilligung zur Datenverarbeitung k\u00f6nnen Sie jederzeit widerrufen, ohne dass die Rechtm\u00e4\u00dfigkeit der aufgrund der Einwilligung bis zum Widerruf erfolgten Verarbeitung ber\u00fchrt wird. Sie haben weiterhin ein Beschwerderecht bei einer Aufsichtsbeh\u00f6rde.<\/p>\n\n\n\n<p>Wenn Sie als Nutzer registriert sind, bieten wir Ihnen zu verschiedenen Funktionen im Rahmen unserer Website auch die M\u00f6glichkeit, Ihre Daten selbst zu sehen und ggf. zu l\u00f6schen oder zu \u00e4ndern. Wenn Sie trotz unserer Bem\u00fchungen um Datenrichtigkeit und Aktualit\u00e4t falsch gespeicherte Informationen sehen sollten, werden wir diese auf Ihre Aufforderung hin berichtigen.<\/p>\n\n\n\n<p>Bei der Pr\u00fcfung eines Antrages auf L\u00f6schung personenbezogener Daten im Rahmen der gesetzlichen Bestimmungen ber\u00fccksichtigen wir auch Aspekte, die einer L\u00f6schung entgegenstehen k\u00f6nnen. Hierzu z\u00e4hlen insbesondere zwingende Anforderungen an den Betrieb der Website und ihrer einzelnen Funktionen, Besonderheiten des Sportinformationsdienstes und Belange, die zur Verfolgung des Vereinszwecks unerl\u00e4sslich sind.<\/p>\n\n\n\n<p>Unsere Webseiten k\u00f6nnen Links zu Websites anderer nat\u00fcrlicher oder juristischer Personen enthalten, auf die sich diese Datenschutzinformation nicht erstreckt.<\/p>\n\n\n\n<p><strong>Bei Fragen zum Thema Datenschutz im Deutschen Fernschachbund e.V. k\u00f6nnen Sie sich jederzeit an den Datenschutzbeauftragten des Vereins sowie den Gesch\u00e4ftsf\u00fchrer wenden. Den Datenschutzbeauftragten erreichen Sie unter der E-Mail-Adresse datenschutzbeauftragter@bdf-fernschachbund.de. Auf der Website des Vereins k\u00f6nnen Sie unter dem Navigationseintrag &#8220;Offizielles\/Anschriften\/Vorstand&#8221; nachschauen, wie Sie den Gesch\u00e4ftsf\u00fchrer erreichen k\u00f6nnen. Unter &#8220;Offizielles\/Anschriften\/Sonstige&#8221; finden Sie die Postanschrift des Datenschutzbeauftragten.<\/strong><\/p>\n","protected":false},"excerpt":{"rendered":"<p>Dieses Impressum gilt f\u00fcr die Dom\u00e4ne bdf-fernschachpost.de. Diese Seite wird Ihnen angeboten vom Verein Deutscher Fernschachbund e.V.vertreten durch den Pr\u00e4sidentenManfred ScheibaKarl-Marx-Allee 6 B,15320 Neuhardenberg,Tel. 0176 34105801.Der Deutsche Fernschachbund e.V. ist im Vereinsregister des Amtsgerichts Hamburg unter der Registernummer VR 19586 eingetragen. Kontakt, auch redaktioneller und technischer Art:&nbsp;redaktion@bdf-fernschachpost.de Haftung, Sicherheitshinweis: S\u00e4mtliche auf den Internetseiten enthaltenen Angaben und Informationen wurden sorgf\u00e4ltig recherchiert und gepr\u00fcft. F\u00fcr die Richtigkeit, Vollst\u00e4ndigkeit und Aktualit\u00e4t wird jedoch&hellip;<\/p>\n","protected":false},"author":1,"featured_media":0,"parent":0,"menu_order":0,"comment_status":"closed","ping_status":"closed","template":"","meta":[],"_links":{"self":[{"href":"https:\/\/bdf-fernschachpost.de\/index.php?rest_route=\/wp\/v2\/pages\/9"}],"collection":[{"href":"https:\/\/bdf-fernschachpost.de\/index.php?rest_route=\/wp\/v2\/pages"}],"about":[{"href":"https:\/\/bdf-fernschachpost.de\/index.php?rest_route=\/wp\/v2\/types\/page"}],"author":[{"embeddable":true,"href":"https:\/\/bdf-fernschachpost.de\/index.php?rest_route=\/wp\/v2\/users\/1"}],"replies":[{"embeddable":true,"href":"https:\/\/bdf-fernschachpost.de\/index.php?rest_route=%2Fwp%2Fv2%2Fcomments&post=9"}],"version-history":[{"count":8,"href":"https:\/\/bdf-fernschachpost.de\/index.php?rest_route=\/wp\/v2\/pages\/9\/revisions"}],"predecessor-version":[{"id":697,"href":"https:\/\/bdf-fernschachpost.de\/index.php?rest_route=\/wp\/v2\/pages\/9\/revisions\/697"}],"wp:attachment":[{"href":"https:\/\/bdf-fernschachpost.de\/index.php?rest_route=%2Fwp%2Fv2%2Fmedia&parent=9"}],"curies":[{"name":"wp","href":"https:\/\/api.w.org\/{rel}","templated":true}]}}